{"id":1882,"date":"2023-06-23T16:04:01","date_gmt":"2023-06-23T16:04:01","guid":{"rendered":"https:\/\/casesdeponent.es\/inscribirse\/"},"modified":"2023-06-23T16:04:01","modified_gmt":"2023-06-23T16:04:01","slug":"inscribirse","status":"publish","type":"page","link":"https:\/\/casesdeponent.es\/es\/inscribirse\/","title":{"rendered":"Inscribirse"},"content":{"rendered":"<div class=\"es-auth js-es-auth content-font\">\n    \t    \t    <div class=\"es-auth__item es-auth__login-buttons es-auth__item--hidden\">\n\t        <h3 class=\"heading-font\">Sign in or register<\/h3>\n\t\n\t        <p>to save your favourite homes and more<\/p>\n\t\n\t\t\t\t\t\t\t        <a href=\"#\" data-auth-item=\"login-form\" class=\"js-es-auth-item__switcher es-btn es-btn--default es-btn--auth \">\n\t\t\tIniciar sesi\u00f3n con correo electr\u00f3nico\n        <\/a>\n\t\n\t        <p class=\"sign-in-text\">\u00bfNo tienes una cuenta? <a href=\"#\" data-auth-item=\"buyer-register-buttons\" class=\"js-es-auth-item__switcher\">Inscribirse<\/a><\/p>\n    \n    <div class=\"es-space\"><\/div>\n\n    <\/div>\n\t    <div class=\"es-auth__item js-es-auth__login-form es-auth__login-form es-auth__item--hidden\">\n\t        <h3 class=\"heading-font\">Sign in or register<\/h3>\n\t\n\t        <p>to save your favourite homes and more<\/p>\n\t\n    <div class=\"all-login-back\">\n        <a href=\"#\" data-auth-item=\"login-buttons\" class=\"js-es-auth-item__switcher\">\n            <span class=\"es-icon es-icon_chevron-left\"><\/span>Todas las opciones de inicio de sesi\u00f3n        <\/a>\n    <\/div>\n\n    <form action=\"\" method=\"POST\">\n\t\t\n                               <div class='es-field es-field__es_user_login es-field--text '>\n                                   <label for='es_user_login-69d1cb024ca5f'><div class='es-field__label'>Email<\/div><input id=\"es_user_login-69d1cb024ca5f\" name=\"es_user_login\" class=\"es-field__input\" required=\"required\" type=\"text\" value=\"\" \/><\/label>\n                               <\/div>\n                           \n                                   <div class='es-field es-field__es_user_password es-field--password '>\n                                       <label for='es_user_password-69d1cb024cd1e'><div class='es-field__label'>Contrase\u00f1a<\/div><div class='es-input__wrap'><input id=\"es_user_password-69d1cb024cd1e\" name=\"es_user_password\" class=\"es-field__input\" required=\"required\" type=\"password\" value=\"\" \/><a href='#' class='es-toggle-pwd js-es-toggle-pwd'><span class='es-icon es-icon_eye'><\/span><\/a><\/div><\/label>\n                                   <\/div>\n                                       <div class=\"forgot-pwd\">\n            <a href=\"#\" data-auth-item=\"reset-form\" class=\"js-es-auth-item__switcher\">\u00bfSe te olvid\u00f3 tu contrase\u00f1a?<\/a>\n        <\/div>\n\n\t\t        <input type=\"hidden\" name=\"uniqid\" value=\"69d1cb024cd33\"\/>\n\t\t<input type=\"hidden\" id=\"es_auth_nonce_69d1cb024cd33\" name=\"es_auth_nonce_69d1cb024cd33\" value=\"3b4a66fc50\" \/><input type=\"hidden\" name=\"_wp_http_referer\" value=\"\/es\/wp-json\/wp\/v2\/pages\/1882\" \/>        <button type=\"submit\" class=\"es-btn es-btn--primary js-es-btn--login es-btn--login\" disabled>Iniciar sesi\u00f3n<\/button>\n    <\/form>\n\n\t        <p class=\"sign-in-text\">\u00bfNo tienes una cuenta? <a href=\"#\" class=\"js-es-auth-item__switcher\" data-auth-item=\"buyer-register-buttons\">Inscribirse<\/a>\n<\/p>\n        <div class=\"es-space\"><\/div>\n<\/div>\n\t    <div class=\"es-auth__item es-auth__reset-form es-auth__item--hidden\">\n    <h3 class=\"heading-font\">Reset password<\/h3>\n    <p>Ingrese su direcci\u00f3n de correo electr\u00f3nico y le enviaremos un enlace para cambiar su contrase\u00f1a.<\/p>\n\n    <form action=\"\" method=\"POST\">\n\t\t\n        <input type=\"hidden\" name=\"uniqid\" value=\"69d1cb024ce26\"\/>\n\n\t\t\t\t\t\n                               <div class='es-field es-field__es_user_email es-field--email '>\n                                   <label for='es_user_email-69d1cb024ce29'><div class='es-field__label'>Email<\/div><input id=\"es_user_email-69d1cb024ce29\" name=\"es_user_email\" class=\"es-field__input\" required=\"required\" type=\"email\" value=\"\" \/><\/label>\n                               <\/div>\n                           \t\t\t<input type=\"hidden\" id=\"es_retrieve_pwd_nonce_69d1cb024ce26\" name=\"es_retrieve_pwd_nonce_69d1cb024ce26\" value=\"b595c115fc\" \/><input type=\"hidden\" name=\"_wp_http_referer\" value=\"\/es\/wp-json\/wp\/v2\/pages\/1882\" \/>            <button type=\"submit\" class=\"es-btn es-btn--primary es-btn--reset\">Enviar enlace de reinicio<\/button>\n\t\t\n        <div><a href=\"#\" data-auth-item=\"login-buttons\" class=\"js-es-auth-item__switcher login-back\"><span class=\"es-icon es-icon_chevron-left\"><\/span>Atr\u00e1s para iniciar sesi\u00f3n\n<\/a><\/div>\n    <\/form>\n    <div class=\"es-space\"><\/div>\n<\/div>\n\t                <div class=\"es-auth__item es-auth__buyer-register-buttons \">\n\t        <h3 class=\"heading-font\">Get started with your account<\/h3>\n\t\n\t        <p>to save your favourite homes and more<\/p>\n\t\n\t\t\t\t\t\t\t        <a href=\"#\" data-auth-item=\"buyer-register-form\" class=\"js-es-auth-item__switcher es-btn es-btn--default es-btn--auth \">Ingresa con e-mail<\/a>\n\t\n    <p class=\"sign-in-text\">\u00bfYa tienes una cuenta? <a href=\"#\" data-auth-item=\"login-buttons\" class=\"js-es-auth-item__switcher\">Iniciar sesi\u00f3n<\/a><\/p>\n    <div class=\"es-space\"><\/div>\n\t<\/div>\n            <div class=\"es-auth__item es-auth__buyer-register-form es-auth__item--hidden\">\n\t        <h3 class=\"heading-font\">Get started with your account<\/h3>\n\t\n\t        <p>to save your favourite homes and more<\/p>\n\t\n    <div class=\"all-login-back\">\n        <a href=\"#\" class=\"js-es-auth-item__switcher\" data-auth-item=\"buyer-register-buttons\">\n            <span class=\"es-icon es-icon_chevron-left\"><\/span>Todas las opciones de registro        <\/a>\n    <\/div>\n\n    <form action=\"\" method=\"POST\">\n\t\t        <input type=\"hidden\" name=\"uniqid\" value=\"69d1cb024d099\"\/>\n        <input type=\"hidden\" id=\"es_register_nonce_69d1cb024d099\" name=\"es_register_nonce_69d1cb024d099\" value=\"63a61215a5\" \/><input type=\"hidden\" name=\"_wp_http_referer\" value=\"\/es\/wp-json\/wp\/v2\/pages\/1882\" \/><input id=\"redirect_url-69d1cb024d0aa\" name=\"redirect_url\" class=\"es-field__input\" type=\"hidden\" value=\"\" \/><input id=\"es_type-69d1cb024d0bb\" name=\"es_type\" class=\"es-field__input\" type=\"hidden\" value=\"buyer\" \/>\n                               <div class='es-field es-field__es_user_email es-field--email '>\n                                   <label for='es_user_email-69d1cb024d0c8'><div class='es-field__label'>Email<\/div><input id=\"es_user_email-69d1cb024d0c8\" name=\"es_user_email\" class=\"es-field__input\" required=\"required\" type=\"email\" value=\"\" \/><p class='es-field__description'>Lo usar\u00e1 para iniciar sesi\u00f3n y nosotros lo usaremos para comunicarnos con usted.\n<\/p><\/label>\n                               <\/div>\n                           \n                                   <div class='es-field es-field__es_user_password es-field--password '>\n                                       <label for='es_user_password-69d1cb024d0de'><div class='es-field__label'>Contrase\u00f1a<\/div><div class='es-input__wrap'><input id=\"es_user_password-69d1cb024d0de\" name=\"es_user_password\" class=\"js-es-password-field es-field__input\" required=\"required\" minlength=\"8\" type=\"password\" value=\"\" \/><a href='#' class='es-toggle-pwd js-es-toggle-pwd'><span class='es-icon es-icon_eye'><\/span><\/a><\/div><p class='es-field__description'><ul class='es-field__validate-list'>\n                                <li class='es-validate-item es-validate-item__contain'>No puede contener el nombre o la direcci\u00f3n de correo electr\u00f3nico.<\/li>\n                                <li class='es-validate-item es-validate-item__length'>Al menos 8 car\u00e1cteres<\/li>\n                                <li class='es-validate-item es-validate-item__char'>Contiene un n\u00famero o s\u00edmbolo.<\/li>\n                            <\/ul><\/p><\/label>\n                                   <\/div>\n                               \n\t    \n        <button type=\"submit\" disabled class=\"es-btn es-btn--primary es-btn--signup\">Inscribirse\n<\/button>\n\t\t<div class='es-privacy-policy-container'><div class='es-terms-text'>Al hacer clic en el bot\u00f3n \u00abINSCRIBIRSE\u00bb, acepta los Condiciones de uso\n y Pol\u00edtica de privacidad<\/div><\/div>        <p class=\"sign-in-text\">\u00bfYa tienes una cuenta? <a href=\"#\" class=\"js-es-auth-item__switcher\" data-auth-item=\"login-buttons\">Iniciar sesi\u00f3n<\/a>\n<\/p>\n    <\/form>\n    <div class=\"es-space\"><\/div>\n\t<\/div>\n        \t                <div class=\"es-auth__item es-auth__agent-register-form es-auth__item--hidden\">\n\t\t\t<h3 class=\"heading-font\">Create an agent account<\/h3>\n\t\n\t\t\t<p>Manage your listings, profile and more<\/p>\n\t\n\t<div class=\"all-login-back\">\n\t\t<a href=\"#\" class=\"js-es-auth-item__switcher\" data-auth-item=\"agent-register-buttons\">\n\t\t\t<span class=\"es-icon es-icon_chevron-left\"><\/span>Todas las opciones de registro\t\t<\/a>\n\t<\/div>\n\n\t<form action=\"\" method=\"POST\">\n\t\t        <input type=\"hidden\" name=\"uniqid\" value=\"69d1cb024d2a9\"\/>\n        <input type=\"hidden\" id=\"es_register_nonce_69d1cb024d2a9\" name=\"es_register_nonce_69d1cb024d2a9\" value=\"63a61215a5\" \/><input type=\"hidden\" name=\"_wp_http_referer\" value=\"\/es\/wp-json\/wp\/v2\/pages\/1882\" \/><input id=\"redirect_url-69d1cb024d2bc\" name=\"redirect_url\" class=\"es-field__input\" type=\"hidden\" value=\"\" \/><input id=\"es_type-69d1cb024d2cb\" name=\"es_type\" class=\"es-field__input\" type=\"hidden\" value=\"agent\" \/>\n                               <div class='es-field es-field__es_user_email es-field--email '>\n                                   <label for='es_user_email-69d1cb024d2d8'><div class='es-field__label'>Correo electr\u00f3nico *<\/div><input id=\"es_user_email-69d1cb024d2d8\" name=\"es_user_email\" class=\"es-field__input\" required=\"required\" type=\"email\" value=\"\" \/><p class='es-field__description'>Lo usar\u00e1 para iniciar sesi\u00f3n y nosotros lo usaremos para comunicarnos con usted.\n<\/p><\/label>\n                               <\/div>\n                           \n                               <div class='es-field es-field__es_phone es-field--phone '>\n                                   <label for='es-field-es_phone'><div class='es-field__label'>Tel\u00e9fono<\/div>\n                               <div class='js-es-field es-field es-field__code es-field--select '>\n                                   <label for='es-field-code-69d1cb024d61d'>\n\t\t\t<select id=\"es-field-code-69d1cb024d61d\" name=\"es_phone[code]\" class=\"js-es-phone-field es-field__input\" data-codes=\"{&quot;US&quot;:&quot;+1&quot;,&quot;CA&quot;:&quot;+1&quot;,&quot;GB&quot;:&quot;+44&quot;,&quot;PL&quot;:&quot;+48&quot;,&quot;DE&quot;:&quot;+49&quot;,&quot;ES&quot;:&quot;+34&quot;,&quot;FR&quot;:&quot;+33&quot;,&quot;&quot;:&quot;&quot;}\" data-icons=\"{&quot;US&quot;:&quot;https:\\\/\\\/casesdeponent.es\\\/wp-content\\\/plugins\\\/estatik4-pro\\\/\\\/public\\\/img\\\/flags\\\/united-states-of-america-flag.svg&quot;,&quot;CA&quot;:&quot;https:\\\/\\\/casesdeponent.es\\\/wp-content\\\/plugins\\\/estatik4-pro\\\/\\\/public\\\/img\\\/flags\\\/canada-flag.svg&quot;,&quot;GB&quot;:&quot;https:\\\/\\\/casesdeponent.es\\\/wp-content\\\/plugins\\\/estatik4-pro\\\/\\\/public\\\/img\\\/flags\\\/united-kingdom-flag.svg&quot;,&quot;PL&quot;:&quot;https:\\\/\\\/casesdeponent.es\\\/wp-content\\\/plugins\\\/estatik4-pro\\\/\\\/public\\\/img\\\/flags\\\/poland-flag.svg&quot;,&quot;DE&quot;:&quot;https:\\\/\\\/casesdeponent.es\\\/wp-content\\\/plugins\\\/estatik4-pro\\\/\\\/public\\\/img\\\/flags\\\/germany-flag.svg&quot;,&quot;ES&quot;:&quot;https:\\\/\\\/casesdeponent.es\\\/wp-content\\\/plugins\\\/estatik4-pro\\\/\\\/public\\\/img\\\/flags\\\/spain-flag.svg&quot;,&quot;FR&quot;:&quot;https:\\\/\\\/casesdeponent.es\\\/wp-content\\\/plugins\\\/estatik4-pro\\\/\\\/public\\\/img\\\/flags\\\/france-flag.svg&quot;}\" ><option value='CA' >Canad\u00e1\n<\/option><option value='FR' >Francia\n<\/option><option value='DE' >Alemania\n<\/option><option value='GB' >Gran Breta\u00f1a<\/option><option value='PL' >Poland<\/option><option value='ES' >Espa\u00f1a\n<\/option><option value='US' >EE.UU<\/option><option value=''  selected='selected'>Otro<\/option><\/select>\n\t\t<\/label>\n                               <\/div>\n                           \n                               <div class='es-field es-field__tel es-field--text '>\n                                   <label for='es-field-tel-69d1cb024d61e'><input id=\"es-field-tel-69d1cb024d61e\" name=\"es_phone[tel]\" class=\"js-es-phone es-field__input\" maxlength=\"40\" minlength=\"4\" pattern=\"+?[0-9]+\" type=\"text\" value=\"\" \/><\/label>\n                               <\/div>\n                           <p class='es-field__description'>Los compradores lo utilizar\u00e1n para ponerse en contacto contigo.<\/p><\/label>\n                               <\/div>\n                           \n                                   <div class='es-field es-field__es_user_password es-field--password '>\n                                       <label for='es_user_password-69d1cb024d6a2'><div class='es-field__label'>Contrase\u00f1a *<\/div><div class='es-input__wrap'><input id=\"es_user_password-69d1cb024d6a2\" name=\"es_user_password\" class=\"js-es-password-field es-field__input\" required=\"required\" minlength=\"8\" type=\"password\" value=\"\" \/><a href='#' class='es-toggle-pwd js-es-toggle-pwd'><span class='es-icon es-icon_eye'><\/span><\/a><\/div><p class='es-field__description'><ul class='es-field__validate-list'>\n                                <li class='es-validate-item es-validate-item__contain'>No puede contener el nombre o la direcci\u00f3n de correo electr\u00f3nico.<\/li>\n                                <li class='es-validate-item es-validate-item__length'>Al menos 8 car\u00e1cteres<\/li>\n                                <li class='es-validate-item es-validate-item__char'>Contiene un n\u00famero o s\u00edmbolo.<\/li>\n                            <\/ul><\/p><\/label>\n                                   <\/div>\n                               \n\t\t\n\t\t<button type=\"submit\" disabled class=\"es-btn es-btn--primary es-btn--signup\">Inscribirse\n<\/button>\n\t\t<div class='es-privacy-policy-container'><div class='es-terms-text'>Al hacer clic en el bot\u00f3n \u00abINSCRIBIRSE\u00bb, acepta los Condiciones de uso\n y Pol\u00edtica de privacidad<\/div><\/div>\t\t<p class=\"sign-in-text\">\u00bfYa tienes una cuenta? <a href=\"#\" class=\"js-es-auth-item__switcher\" data-auth-item=\"login-buttons\">Iniciar sesi\u00f3n<\/a>\n<\/p>\n\t<\/form>\n\t<div class=\"es-space\"><\/div>\n<\/div>\n            <div class=\"es-auth__item es-auth__agent-register-buttons es-auth__item--hidden\">\n\t\t\t<h3 class=\"heading-font\">Create an agent account<\/h3>\n\t\n\t\t\t<p>Manage your listings, profile and more<\/p>\n\t\n\t\t\t\t\t\t\t\t\t<a href=\"#\" data-auth-item=\"agent-register-form\" class=\"js-es-auth-item__switcher es-btn es-btn--default es-btn--auth \">Ingresa con e-mail<\/a>\n\t\n\t<p class=\"sign-in-text\">\u00bfYa tienes una cuenta? <a href=\"#\" data-auth-item=\"login-buttons\" class=\"js-es-auth-item__switcher\">Iniciar sesi\u00f3n<\/a><\/p>\n\t<div class=\"es-space\"><\/div>\n<\/div>\n            \n    <\/div>\n\n","protected":false},"excerpt":{"rendered":"","protected":false},"author":1,"featured_media":0,"parent":0,"menu_order":0,"comment_status":"closed","ping_status":"closed","template":"","meta":{"footnotes":""},"class_list":["post-1882","page","type-page","status-publish","hentry"],"yoast_head":"<!-- This site is optimized with the Yoast SEO plugin v20.10 - https:\/\/yoast.com\/wordpress\/plugins\/seo\/ -->\n<title>Inscribirse - Inmobiliaria Balaguer<\/title>\n<meta name=\"robots\" content=\"index, follow, max-snippet:-1, max-image-preview:large, max-video-preview:-1\" \/>\n<link rel=\"canonical\" href=\"https:\/\/casesdeponent.es\/registrar\/\" \/>\n<meta property=\"og:locale\" content=\"es_ES\" \/>\n<meta property=\"og:type\" content=\"article\" \/>\n<meta property=\"og:title\" content=\"Inscribirse - Inmobiliaria Balaguer\" \/>\n<meta property=\"og:url\" content=\"https:\/\/casesdeponent.es\/registrar\/\" \/>\n<meta property=\"og:site_name\" content=\"Inmobiliaria Balaguer\" \/>\n<meta name=\"twitter:card\" content=\"summary_large_image\" \/>\n<script type=\"application\/ld+json\" class=\"yoast-schema-graph\">{\"@context\":\"https:\/\/schema.org\",\"@graph\":[{\"@type\":\"WebPage\",\"@id\":\"https:\/\/casesdeponent.es\/registrar\/\",\"url\":\"https:\/\/casesdeponent.es\/registrar\/\",\"name\":\"Inscribirse - Inmobiliaria Balaguer\",\"isPartOf\":{\"@id\":\"https:\/\/casesdeponent.es\/#website\"},\"datePublished\":\"2023-06-23T16:04:01+00:00\",\"dateModified\":\"2023-06-23T16:04:01+00:00\",\"breadcrumb\":{\"@id\":\"https:\/\/casesdeponent.es\/registrar\/#breadcrumb\"},\"inLanguage\":\"es\",\"potentialAction\":[{\"@type\":\"ReadAction\",\"target\":[\"https:\/\/casesdeponent.es\/registrar\/\"]}]},{\"@type\":\"BreadcrumbList\",\"@id\":\"https:\/\/casesdeponent.es\/registrar\/#breadcrumb\",\"itemListElement\":[{\"@type\":\"ListItem\",\"position\":1,\"name\":\"Portada\",\"item\":\"https:\/\/casesdeponent.es\/es\/\"},{\"@type\":\"ListItem\",\"position\":2,\"name\":\"Inscribirse\"}]},{\"@type\":\"WebSite\",\"@id\":\"https:\/\/casesdeponent.es\/#website\",\"url\":\"https:\/\/casesdeponent.es\/\",\"name\":\"Inmobiliaria Balaguer\",\"description\":\"Comprar, Llogar i Vendre\",\"potentialAction\":[{\"@type\":\"SearchAction\",\"target\":{\"@type\":\"EntryPoint\",\"urlTemplate\":\"https:\/\/casesdeponent.es\/?s={search_term_string}\"},\"query-input\":\"required name=search_term_string\"}],\"inLanguage\":\"es\"}]}<\/script>\n<!-- \/ Yoast SEO plugin. -->","yoast_head_json":{"title":"Inscribirse - Inmobiliaria Balaguer","robots":{"index":"index","follow":"follow","max-snippet":"max-snippet:-1","max-image-preview":"max-image-preview:large","max-video-preview":"max-video-preview:-1"},"canonical":"https:\/\/casesdeponent.es\/registrar\/","og_locale":"es_ES","og_type":"article","og_title":"Inscribirse - Inmobiliaria Balaguer","og_url":"https:\/\/casesdeponent.es\/registrar\/","og_site_name":"Inmobiliaria Balaguer","twitter_card":"summary_large_image","schema":{"@context":"https:\/\/schema.org","@graph":[{"@type":"WebPage","@id":"https:\/\/casesdeponent.es\/registrar\/","url":"https:\/\/casesdeponent.es\/registrar\/","name":"Inscribirse - Inmobiliaria Balaguer","isPartOf":{"@id":"https:\/\/casesdeponent.es\/#website"},"datePublished":"2023-06-23T16:04:01+00:00","dateModified":"2023-06-23T16:04:01+00:00","breadcrumb":{"@id":"https:\/\/casesdeponent.es\/registrar\/#breadcrumb"},"inLanguage":"es","potentialAction":[{"@type":"ReadAction","target":["https:\/\/casesdeponent.es\/registrar\/"]}]},{"@type":"BreadcrumbList","@id":"https:\/\/casesdeponent.es\/registrar\/#breadcrumb","itemListElement":[{"@type":"ListItem","position":1,"name":"Portada","item":"https:\/\/casesdeponent.es\/es\/"},{"@type":"ListItem","position":2,"name":"Inscribirse"}]},{"@type":"WebSite","@id":"https:\/\/casesdeponent.es\/#website","url":"https:\/\/casesdeponent.es\/","name":"Inmobiliaria Balaguer","description":"Comprar, Llogar i Vendre","potentialAction":[{"@type":"SearchAction","target":{"@type":"EntryPoint","urlTemplate":"https:\/\/casesdeponent.es\/?s={search_term_string}"},"query-input":"required name=search_term_string"}],"inLanguage":"es"}]}},"_links":{"self":[{"href":"https:\/\/casesdeponent.es\/es\/wp-json\/wp\/v2\/pages\/1882","targetHints":{"allow":["GET"]}}],"collection":[{"href":"https:\/\/casesdeponent.es\/es\/wp-json\/wp\/v2\/pages"}],"about":[{"href":"https:\/\/casesdeponent.es\/es\/wp-json\/wp\/v2\/types\/page"}],"author":[{"embeddable":true,"href":"https:\/\/casesdeponent.es\/es\/wp-json\/wp\/v2\/users\/1"}],"replies":[{"embeddable":true,"href":"https:\/\/casesdeponent.es\/es\/wp-json\/wp\/v2\/comments?post=1882"}],"version-history":[{"count":0,"href":"https:\/\/casesdeponent.es\/es\/wp-json\/wp\/v2\/pages\/1882\/revisions"}],"wp:attachment":[{"href":"https:\/\/casesdeponent.es\/es\/wp-json\/wp\/v2\/media?parent=1882"}],"curies":[{"name":"wp","href":"https:\/\/api.w.org\/{rel}","templated":true}]}}